{"id":90,"date":"2026-05-05T11:34:12","date_gmt":"2026-05-05T11:34:12","guid":{"rendered":"https:\/\/upperbizdev.ro\/4ro.ro\/cos\/"},"modified":"2026-05-06T13:18:46","modified_gmt":"2026-05-06T13:18:46","slug":"cos","status":"publish","type":"page","link":"https:\/\/upperbizdev.ro\/4ro.ro\/cos\/","title":{"rendered":"Co\u0219"},"content":{"rendered":"\t\t<div data-elementor-type=\"wp-page\" data-elementor-id=\"90\" class=\"elementor elementor-90\" data-elementor-post-type=\"page\">\n\t\t\t\t<div class=\"elementor-element elementor-element-b2e0304 e-flex e-con-boxed e-con e-parent\" data-id=\"b2e0304\" data-element_type=\"container\" data-e-type=\"container\">\n\t\t\t\t\t<div class=\"e-con-inner\">\n\t\t<div class=\"elementor-element elementor-element-743bcf4 e-con-full e-flex e-con e-child\" data-id=\"743bcf4\" data-element_type=\"container\" data-e-type=\"container\">\n\t\t\t\t<\/div>\n\t\t\t\t\t<\/div>\n\t\t\t\t<\/div>\n\t\t\t\t<\/div>\n\t\t","protected":false},"excerpt":{"rendered":"<p>\u00cenl\u0103tur\u0103 produsul Imagine miniatur\u0103 produs Pre\u021b Cantitate Sub-total &times; Lorem ipsum 1 20,00&nbsp;lei Cantitate Lorem ipsum 1 60,00&nbsp;lei Actualiza\u021bi co\u0219ul Apply coupon Total Sub-total 60,00&nbsp;lei Livrare Free shipping Livrare la Bucure\u0219ti. Modific\u0103 adresa \u021aar\u0103\/regiune Selecteaz\u0103 o \u021bar\u0103\/regiune&#8230;AfganistanAfrica de SudAlbaniaAlgeriaAndorraAngolaAnguillaAntarcticaAntigua \u0219i BarbudaArabia Saudit\u0103ArgentinaArmeniaArubaAustraliaAustriaAzerbaidjanBahamasBahrainBangladeshBarbadosBelarusBelauBelgiaBelizeBeninBermudaBhutanBoliviaBonaire, Saint Eustatius \u0219i SabaBosnia \u0219i Her\u021begovinaBotswanaBraziliaBruneiBulgariaBurkina FasoBurundiCabo VerdeCambodgiaCamerunCanadaCehiaChileChinaCiadCipruCoasta de Filde\u0219ColumbiaComoreComunitatea Insulelor Mariane de [&hellip;]<\/p>\n","protected":false},"author":1,"featured_media":0,"parent":0,"menu_order":0,"comment_status":"closed","ping_status":"closed","template":"elementor_header_footer","meta":{"footnotes":""},"class_list":["post-90","page","type-page","status-publish","hentry"],"_links":{"self":[{"href":"https:\/\/upperbizdev.ro\/4ro.ro\/wp-json\/wp\/v2\/pages\/90","targetHints":{"allow":["GET"]}}],"collection":[{"href":"https:\/\/upperbizdev.ro\/4ro.ro\/wp-json\/wp\/v2\/pages"}],"about":[{"href":"https:\/\/upperbizdev.ro\/4ro.ro\/wp-json\/wp\/v2\/types\/page"}],"author":[{"embeddable":true,"href":"https:\/\/upperbizdev.ro\/4ro.ro\/wp-json\/wp\/v2\/users\/1"}],"replies":[{"embeddable":true,"href":"https:\/\/upperbizdev.ro\/4ro.ro\/wp-json\/wp\/v2\/comments?post=90"}],"version-history":[{"count":25,"href":"https:\/\/upperbizdev.ro\/4ro.ro\/wp-json\/wp\/v2\/pages\/90\/revisions"}],"predecessor-version":[{"id":275,"href":"https:\/\/upperbizdev.ro\/4ro.ro\/wp-json\/wp\/v2\/pages\/90\/revisions\/275"}],"wp:attachment":[{"href":"https:\/\/upperbizdev.ro\/4ro.ro\/wp-json\/wp\/v2\/media?parent=90"}],"curies":[{"name":"wp","href":"https:\/\/api.w.org\/{rel}","templated":true}]}}